{"id":19,"date":"2016-03-16T13:54:48","date_gmt":"2016-03-16T12:54:48","guid":{"rendered":"http:\/\/held-gartenbau.de\/home\/?page_id=19"},"modified":"2024-05-29T07:59:40","modified_gmt":"2024-05-29T05:59:40","slug":"kontakt","status":"publish","type":"page","link":"https:\/\/held-gartenbau.de\/bonn\/kontakt\/","title":{"rendered":"Kontakt"},"content":{"rendered":"<div id='full_slider_1'  class='avia-fullwidth-slider main_color avia-shadow   avia-builder-el-0  el_before_av_section  avia-builder-el-first   container_wrap sidebar_right'  ><div  class='avia-slideshow av-lv2kfjwb-f7dab233715e222ffa0431c350a56208 avia-slideshow-no scaling av_slideshow_full avia-fade-slider av-slideshow-ui av-control-default av-slideshow-autoplay av-loop-endless av-loop-manual-endless av-default-height-applied  image_no_stretch avia-slideshow-1' data-slideshow-options=\"{&quot;animation&quot;:&quot;fade&quot;,&quot;autoplay&quot;:true,&quot;loop_autoplay&quot;:&quot;endless&quot;,&quot;interval&quot;:4,&quot;loop_manual&quot;:&quot;manual-endless&quot;,&quot;autoplay_stopper&quot;:false,&quot;noNavigation&quot;:false,&quot;bg_slider&quot;:false,&quot;keep_padding&quot;:false,&quot;hoverpause&quot;:false,&quot;show_slide_delay&quot;:0}\"  itemprop=\"image\" itemscope=\"itemscope\" itemtype=\"https:\/\/schema.org\/ImageObject\" ><ul class='avia-slideshow-inner ' style='padding-bottom: 40%;'><li  class='avia-slideshow-slide av-lv2kfjwb-f7dab233715e222ffa0431c350a56208__0  slide-1 slide-odd'><div data-rel='slideshow-1' class='avia-slide-wrap '   ><img decoding=\"async\" class=\"wp-image-2420 avia-img-lazy-loading-not-2420\"  src=\"https:\/\/held-gartenbau.de\/bonn\/wp-content\/uploads\/2016\/08\/IMG_1265-14.jpg\" width=\"2600\" height=\"1040\" title='' alt=''  itemprop=\"thumbnailUrl\" srcset=\"https:\/\/held-gartenbau.de\/bonn\/wp-content\/uploads\/2016\/08\/IMG_1265-14.jpg 2600w, https:\/\/held-gartenbau.de\/bonn\/wp-content\/uploads\/2016\/08\/IMG_1265-14-500x200.jpg 500w, https:\/\/held-gartenbau.de\/bonn\/wp-content\/uploads\/2016\/08\/IMG_1265-14-1030x412.jpg 1030w, https:\/\/held-gartenbau.de\/bonn\/wp-content\/uploads\/2016\/08\/IMG_1265-14-150x60.jpg 150w, https:\/\/held-gartenbau.de\/bonn\/wp-content\/uploads\/2016\/08\/IMG_1265-14-388x155.jpg 388w, https:\/\/held-gartenbau.de\/bonn\/wp-content\/uploads\/2016\/08\/IMG_1265-14-1500x600.jpg 1500w, https:\/\/held-gartenbau.de\/bonn\/wp-content\/uploads\/2016\/08\/IMG_1265-14-705x282.jpg 705w, https:\/\/held-gartenbau.de\/bonn\/wp-content\/uploads\/2016\/08\/IMG_1265-14-450x180.jpg 450w\" sizes=\"(max-width: 2600px) 100vw, 2600px\" \/><\/div><\/li><li  class='avia-slideshow-slide av-lv2kfjwb-f7dab233715e222ffa0431c350a56208__1  slide-2 slide-even'><div data-rel='slideshow-1' class='avia-slide-wrap '   ><img decoding=\"async\" class=\"wp-image-708 avia-img-lazy-loading-not-708\"  src=\"https:\/\/held-gartenbau.de\/bonn\/wp-content\/uploads\/2016\/09\/IMG_1583-2600.jpg\" width=\"2600\" height=\"1040\" title='' alt='G\u00e4rtner s\u00e4ubern eine Grabst\u00e4tte'  itemprop=\"thumbnailUrl\" srcset=\"https:\/\/held-gartenbau.de\/bonn\/wp-content\/uploads\/2016\/09\/IMG_1583-2600.jpg 2600w, https:\/\/held-gartenbau.de\/bonn\/wp-content\/uploads\/2016\/09\/IMG_1583-2600-500x200.jpg 500w, https:\/\/held-gartenbau.de\/bonn\/wp-content\/uploads\/2016\/09\/IMG_1583-2600-1030x412.jpg 1030w, https:\/\/held-gartenbau.de\/bonn\/wp-content\/uploads\/2016\/09\/IMG_1583-2600-150x60.jpg 150w, https:\/\/held-gartenbau.de\/bonn\/wp-content\/uploads\/2016\/09\/IMG_1583-2600-388x155.jpg 388w, https:\/\/held-gartenbau.de\/bonn\/wp-content\/uploads\/2016\/09\/IMG_1583-2600-1500x600.jpg 1500w, https:\/\/held-gartenbau.de\/bonn\/wp-content\/uploads\/2016\/09\/IMG_1583-2600-705x282.jpg 705w, https:\/\/held-gartenbau.de\/bonn\/wp-content\/uploads\/2016\/09\/IMG_1583-2600-450x180.jpg 450w\" sizes=\"(max-width: 2600px) 100vw, 2600px\" \/><\/div><\/li><li  class='avia-slideshow-slide av-lv2kfjwb-f7dab233715e222ffa0431c350a56208__2  slide-3 slide-odd'><div data-rel='slideshow-1' class='avia-slide-wrap '   ><img decoding=\"async\" class=\"wp-image-2574 avia-img-lazy-loading-not-2574\"  src=\"https:\/\/held-gartenbau.de\/bonn\/wp-content\/uploads\/2016\/08\/IMG_6395.jpg\" width=\"2600\" height=\"1040\" title='' alt=''  itemprop=\"thumbnailUrl\" srcset=\"https:\/\/held-gartenbau.de\/bonn\/wp-content\/uploads\/2016\/08\/IMG_6395.jpg 2600w, https:\/\/held-gartenbau.de\/bonn\/wp-content\/uploads\/2016\/08\/IMG_6395-500x200.jpg 500w, https:\/\/held-gartenbau.de\/bonn\/wp-content\/uploads\/2016\/08\/IMG_6395-1030x412.jpg 1030w, https:\/\/held-gartenbau.de\/bonn\/wp-content\/uploads\/2016\/08\/IMG_6395-150x60.jpg 150w, https:\/\/held-gartenbau.de\/bonn\/wp-content\/uploads\/2016\/08\/IMG_6395-388x155.jpg 388w, https:\/\/held-gartenbau.de\/bonn\/wp-content\/uploads\/2016\/08\/IMG_6395-1500x600.jpg 1500w, https:\/\/held-gartenbau.de\/bonn\/wp-content\/uploads\/2016\/08\/IMG_6395-705x282.jpg 705w, https:\/\/held-gartenbau.de\/bonn\/wp-content\/uploads\/2016\/08\/IMG_6395-450x180.jpg 450w\" sizes=\"(max-width: 2600px) 100vw, 2600px\" \/><\/div><\/li><li  class='avia-slideshow-slide av-lv2kfjwb-f7dab233715e222ffa0431c350a56208__3  slide-4 slide-even'><div data-rel='slideshow-1' class='avia-slide-wrap '   ><img decoding=\"async\" class=\"wp-image-2432 avia-img-lazy-loading-not-2432\"  src=\"https:\/\/held-gartenbau.de\/bonn\/wp-content\/uploads\/2017\/05\/IMG_0409-16-B2600.jpg\" width=\"2600\" height=\"1040\" title='' alt=''  itemprop=\"thumbnailUrl\" srcset=\"https:\/\/held-gartenbau.de\/bonn\/wp-content\/uploads\/2017\/05\/IMG_0409-16-B2600.jpg 2600w, https:\/\/held-gartenbau.de\/bonn\/wp-content\/uploads\/2017\/05\/IMG_0409-16-B2600-500x200.jpg 500w, https:\/\/held-gartenbau.de\/bonn\/wp-content\/uploads\/2017\/05\/IMG_0409-16-B2600-1030x412.jpg 1030w, https:\/\/held-gartenbau.de\/bonn\/wp-content\/uploads\/2017\/05\/IMG_0409-16-B2600-150x60.jpg 150w, https:\/\/held-gartenbau.de\/bonn\/wp-content\/uploads\/2017\/05\/IMG_0409-16-B2600-388x155.jpg 388w, https:\/\/held-gartenbau.de\/bonn\/wp-content\/uploads\/2017\/05\/IMG_0409-16-B2600-1500x600.jpg 1500w, https:\/\/held-gartenbau.de\/bonn\/wp-content\/uploads\/2017\/05\/IMG_0409-16-B2600-705x282.jpg 705w, https:\/\/held-gartenbau.de\/bonn\/wp-content\/uploads\/2017\/05\/IMG_0409-16-B2600-450x180.jpg 450w\" sizes=\"(max-width: 2600px) 100vw, 2600px\" \/><\/div><\/li><li  class='avia-slideshow-slide av-lv2kfjwb-f7dab233715e222ffa0431c350a56208__4  slide-5 slide-odd'><div data-rel='slideshow-1' class='avia-slide-wrap '   ><img decoding=\"async\" class=\"wp-image-706 avia-img-lazy-loading-not-706\"  src=\"https:\/\/held-gartenbau.de\/bonn\/wp-content\/uploads\/2016\/09\/IMG_1510-2600.jpg\" width=\"2600\" height=\"1040\" title='' alt='Ausschnitt: G\u00e4rtnerschere in Bewegung an einem Buchbaum'  itemprop=\"thumbnailUrl\" srcset=\"https:\/\/held-gartenbau.de\/bonn\/wp-content\/uploads\/2016\/09\/IMG_1510-2600.jpg 2600w, https:\/\/held-gartenbau.de\/bonn\/wp-content\/uploads\/2016\/09\/IMG_1510-2600-500x200.jpg 500w, https:\/\/held-gartenbau.de\/bonn\/wp-content\/uploads\/2016\/09\/IMG_1510-2600-1030x412.jpg 1030w, https:\/\/held-gartenbau.de\/bonn\/wp-content\/uploads\/2016\/09\/IMG_1510-2600-150x60.jpg 150w, https:\/\/held-gartenbau.de\/bonn\/wp-content\/uploads\/2016\/09\/IMG_1510-2600-388x155.jpg 388w, https:\/\/held-gartenbau.de\/bonn\/wp-content\/uploads\/2016\/09\/IMG_1510-2600-1500x600.jpg 1500w, https:\/\/held-gartenbau.de\/bonn\/wp-content\/uploads\/2016\/09\/IMG_1510-2600-705x282.jpg 705w, https:\/\/held-gartenbau.de\/bonn\/wp-content\/uploads\/2016\/09\/IMG_1510-2600-450x180.jpg 450w\" sizes=\"(max-width: 2600px) 100vw, 2600px\" \/><\/div><\/li><li  class='avia-slideshow-slide av-lv2kfjwb-f7dab233715e222ffa0431c350a56208__5  slide-6 slide-even'><div data-rel='slideshow-1' class='avia-slide-wrap '   ><img decoding=\"async\" class=\"wp-image-2416 avia-img-lazy-loading-not-2416\"  src=\"https:\/\/held-gartenbau.de\/bonn\/wp-content\/uploads\/2016\/08\/IMG_0527-2600.jpg\" width=\"2600\" height=\"1040\" title='' alt=''  itemprop=\"thumbnailUrl\" srcset=\"https:\/\/held-gartenbau.de\/bonn\/wp-content\/uploads\/2016\/08\/IMG_0527-2600.jpg 2600w, https:\/\/held-gartenbau.de\/bonn\/wp-content\/uploads\/2016\/08\/IMG_0527-2600-500x200.jpg 500w, https:\/\/held-gartenbau.de\/bonn\/wp-content\/uploads\/2016\/08\/IMG_0527-2600-1030x412.jpg 1030w, https:\/\/held-gartenbau.de\/bonn\/wp-content\/uploads\/2016\/08\/IMG_0527-2600-150x60.jpg 150w, https:\/\/held-gartenbau.de\/bonn\/wp-content\/uploads\/2016\/08\/IMG_0527-2600-388x155.jpg 388w, https:\/\/held-gartenbau.de\/bonn\/wp-content\/uploads\/2016\/08\/IMG_0527-2600-1500x600.jpg 1500w, https:\/\/held-gartenbau.de\/bonn\/wp-content\/uploads\/2016\/08\/IMG_0527-2600-705x282.jpg 705w, https:\/\/held-gartenbau.de\/bonn\/wp-content\/uploads\/2016\/08\/IMG_0527-2600-450x180.jpg 450w\" sizes=\"(max-width: 2600px) 100vw, 2600px\" \/><\/div><\/li><li  class='avia-slideshow-slide av-lv2kfjwb-f7dab233715e222ffa0431c350a56208__6  slide-7 slide-odd'><div data-rel='slideshow-1' class='avia-slide-wrap '   ><img decoding=\"async\" class=\"wp-image-2173 avia-img-lazy-loading-not-2173\"  src=\"https:\/\/held-gartenbau.de\/bonn\/wp-content\/uploads\/2016\/08\/IMG_4512.jpg\" width=\"2600\" height=\"1040\" title='' alt='Bl\u00fcte'  itemprop=\"thumbnailUrl\" srcset=\"https:\/\/held-gartenbau.de\/bonn\/wp-content\/uploads\/2016\/08\/IMG_4512.jpg 2600w, https:\/\/held-gartenbau.de\/bonn\/wp-content\/uploads\/2016\/08\/IMG_4512-500x200.jpg 500w, https:\/\/held-gartenbau.de\/bonn\/wp-content\/uploads\/2016\/08\/IMG_4512-1030x412.jpg 1030w, https:\/\/held-gartenbau.de\/bonn\/wp-content\/uploads\/2016\/08\/IMG_4512-150x60.jpg 150w, https:\/\/held-gartenbau.de\/bonn\/wp-content\/uploads\/2016\/08\/IMG_4512-388x155.jpg 388w, https:\/\/held-gartenbau.de\/bonn\/wp-content\/uploads\/2016\/08\/IMG_4512-1500x600.jpg 1500w, https:\/\/held-gartenbau.de\/bonn\/wp-content\/uploads\/2016\/08\/IMG_4512-705x282.jpg 705w, https:\/\/held-gartenbau.de\/bonn\/wp-content\/uploads\/2016\/08\/IMG_4512-450x180.jpg 450w\" sizes=\"(max-width: 2600px) 100vw, 2600px\" \/><\/div><\/li><li  class='avia-slideshow-slide av-lv2kfjwb-f7dab233715e222ffa0431c350a56208__7  slide-8 slide-even'><div data-rel='slideshow-1' class='avia-slide-wrap '   ><img decoding=\"async\" class=\"wp-image-690 avia-img-lazy-loading-not-690\"  src=\"https:\/\/held-gartenbau.de\/bonn\/wp-content\/uploads\/2016\/09\/IMG_1038-2600.jpg\" width=\"2600\" height=\"1040\" title='' alt='Keramikt\u00f6pfe in blau gemustert'  itemprop=\"thumbnailUrl\" srcset=\"https:\/\/held-gartenbau.de\/bonn\/wp-content\/uploads\/2016\/09\/IMG_1038-2600.jpg 2600w, https:\/\/held-gartenbau.de\/bonn\/wp-content\/uploads\/2016\/09\/IMG_1038-2600-500x200.jpg 500w, https:\/\/held-gartenbau.de\/bonn\/wp-content\/uploads\/2016\/09\/IMG_1038-2600-1030x412.jpg 1030w, https:\/\/held-gartenbau.de\/bonn\/wp-content\/uploads\/2016\/09\/IMG_1038-2600-150x60.jpg 150w, https:\/\/held-gartenbau.de\/bonn\/wp-content\/uploads\/2016\/09\/IMG_1038-2600-388x155.jpg 388w, https:\/\/held-gartenbau.de\/bonn\/wp-content\/uploads\/2016\/09\/IMG_1038-2600-1500x600.jpg 1500w, https:\/\/held-gartenbau.de\/bonn\/wp-content\/uploads\/2016\/09\/IMG_1038-2600-705x282.jpg 705w, https:\/\/held-gartenbau.de\/bonn\/wp-content\/uploads\/2016\/09\/IMG_1038-2600-450x180.jpg 450w\" sizes=\"(max-width: 2600px) 100vw, 2600px\" \/><\/div><\/li><li  class='avia-slideshow-slide av-lv2kfjwb-f7dab233715e222ffa0431c350a56208__8  slide-9 slide-odd'><div data-rel='slideshow-1' class='avia-slide-wrap '   ><img decoding=\"async\" class=\"wp-image-1985 avia-img-lazy-loading-not-1985\"  src=\"https:\/\/held-gartenbau.de\/bonn\/wp-content\/uploads\/2016\/08\/IMG_4302.jpg\" width=\"2600\" height=\"1040\" title='IMG_4302' alt='rundgesteckter Urnenkranz in rosa wei\u00df - Nahaufnahme'  itemprop=\"thumbnailUrl\" srcset=\"https:\/\/held-gartenbau.de\/bonn\/wp-content\/uploads\/2016\/08\/IMG_4302.jpg 2600w, https:\/\/held-gartenbau.de\/bonn\/wp-content\/uploads\/2016\/08\/IMG_4302-500x200.jpg 500w, https:\/\/held-gartenbau.de\/bonn\/wp-content\/uploads\/2016\/08\/IMG_4302-1030x412.jpg 1030w, https:\/\/held-gartenbau.de\/bonn\/wp-content\/uploads\/2016\/08\/IMG_4302-150x60.jpg 150w, https:\/\/held-gartenbau.de\/bonn\/wp-content\/uploads\/2016\/08\/IMG_4302-388x155.jpg 388w, https:\/\/held-gartenbau.de\/bonn\/wp-content\/uploads\/2016\/08\/IMG_4302-1500x600.jpg 1500w, https:\/\/held-gartenbau.de\/bonn\/wp-content\/uploads\/2016\/08\/IMG_4302-705x282.jpg 705w, https:\/\/held-gartenbau.de\/bonn\/wp-content\/uploads\/2016\/08\/IMG_4302-450x180.jpg 450w\" sizes=\"(max-width: 2600px) 100vw, 2600px\" \/><\/div><\/li><li  class='avia-slideshow-slide av-lv2kfjwb-f7dab233715e222ffa0431c350a56208__9  slide-10 slide-even'><div data-rel='slideshow-1' class='avia-slide-wrap '   ><img decoding=\"async\" class=\"wp-image-317 avia-img-lazy-loading-not-317\"  src=\"https:\/\/held-gartenbau.de\/bonn\/wp-content\/uploads\/2016\/03\/IMG_0653-22ps.jpg\" width=\"2600\" height=\"1040\" title='' alt='rundgesteckter Trauerkranz in bunt'  itemprop=\"thumbnailUrl\" srcset=\"https:\/\/held-gartenbau.de\/bonn\/wp-content\/uploads\/2016\/03\/IMG_0653-22ps.jpg 2600w, https:\/\/held-gartenbau.de\/bonn\/wp-content\/uploads\/2016\/03\/IMG_0653-22ps-500x200.jpg 500w, https:\/\/held-gartenbau.de\/bonn\/wp-content\/uploads\/2016\/03\/IMG_0653-22ps-1030x412.jpg 1030w, https:\/\/held-gartenbau.de\/bonn\/wp-content\/uploads\/2016\/03\/IMG_0653-22ps-150x60.jpg 150w, https:\/\/held-gartenbau.de\/bonn\/wp-content\/uploads\/2016\/03\/IMG_0653-22ps-388x155.jpg 388w, https:\/\/held-gartenbau.de\/bonn\/wp-content\/uploads\/2016\/03\/IMG_0653-22ps-1500x600.jpg 1500w, https:\/\/held-gartenbau.de\/bonn\/wp-content\/uploads\/2016\/03\/IMG_0653-22ps-705x282.jpg 705w, https:\/\/held-gartenbau.de\/bonn\/wp-content\/uploads\/2016\/03\/IMG_0653-22ps-450x180.jpg 450w\" sizes=\"(max-width: 2600px) 100vw, 2600px\" \/><\/div><\/li><\/ul><div class='avia-slideshow-arrows avia-slideshow-controls' ><a href='#prev' class='prev-slide ' aria-hidden='true' data-av_icon='\ue87c' data-av_iconfont='entypo-fontello'  tabindex='-1'>Zur\u00fcck<\/a><a href='#next' class='next-slide ' aria-hidden='true' data-av_icon='\ue87d' data-av_iconfont='entypo-fontello'  tabindex='-1'>Weiter<\/a><\/div><div class='avia-slideshow-dots avia-slideshow-controls'><a href='#1' class='goto-slide active' >1<\/a><a href='#2' class='goto-slide ' >2<\/a><a href='#3' class='goto-slide ' >3<\/a><a href='#4' class='goto-slide ' >4<\/a><a href='#5' class='goto-slide ' >5<\/a><a href='#6' class='goto-slide ' >6<\/a><a href='#7' class='goto-slide ' >7<\/a><a href='#8' class='goto-slide ' >8<\/a><a href='#9' class='goto-slide ' >9<\/a><a href='#10' class='goto-slide ' >10<\/a><\/div><\/div><\/div>\n<div id='av_section_1'  class='avia-section av-9eujr-d5f1e072e442a7869f00d44c0fa69e80 main_color avia-section-default avia-no-border-styling  avia-builder-el-1  el_after_av_slideshow_full  avia-builder-el-last  avia-bg-style-scroll container_wrap sidebar_right'  ><div class='container av-section-cont-open' ><div class='template-page content  av-content-small alpha units'><div class='post-entry post-entry-type-page post-entry-19'><div class='entry-content-wrapper clearfix'>\n\n<style type=\"text\/css\" data-created_by=\"avia_inline_auto\" id=\"style-css-av-8ofjn-3a3a2db1003585865215e73dd2c9ebf0\">\n.flex_column.av-8ofjn-3a3a2db1003585865215e73dd2c9ebf0{\n-webkit-border-radius:0px 0px 0px 0px;\n-moz-border-radius:0px 0px 0px 0px;\nborder-radius:0px 0px 0px 0px;\npadding:0px 0px 0px 0px;\n}\n<\/style>\n<div class='flex_column av-8ofjn-3a3a2db1003585865215e73dd2c9ebf0 av_one_third  avia-builder-el-2  el_before_av_one_third  avia-builder-el-first  first flex_column_div av-zero-column-padding '     ><p>\n<style type=\"text\/css\" data-created_by=\"avia_inline_auto\" id=\"style-css-av-8aimb-0e5ffc905f87c1d50822b9c42b4b9683\">\n.avia-image-container.av-8aimb-0e5ffc905f87c1d50822b9c42b4b9683 img.avia_image{\nbox-shadow:none;\n}\n.avia-image-container.av-8aimb-0e5ffc905f87c1d50822b9c42b4b9683 .av-image-caption-overlay-center{\ncolor:#ffffff;\n}\n<\/style>\n<div  class='avia-image-container av-8aimb-0e5ffc905f87c1d50822b9c42b4b9683 av-styling- avia-align-center  avia-builder-el-3  el_before_av_textblock  avia-builder-el-first '   itemprop=\"image\" itemscope=\"itemscope\" itemtype=\"https:\/\/schema.org\/ImageObject\" ><div class=\"avia-image-container-inner\"><div class=\"avia-image-overlay-wrap\"><img decoding=\"async\" class='wp-image-1161 avia-img-lazy-loading-not-1161 avia_image ' src=\"https:\/\/held-gartenbau.de\/bonn\/wp-content\/uploads\/2016\/09\/IMG_3259.jpg\" alt='Au\u00dfenansicht unseres Standortes in Beuel' title=''  height=\"600\" width=\"900\"  itemprop=\"thumbnailUrl\" srcset=\"https:\/\/held-gartenbau.de\/bonn\/wp-content\/uploads\/2016\/09\/IMG_3259.jpg 900w, https:\/\/held-gartenbau.de\/bonn\/wp-content\/uploads\/2016\/09\/IMG_3259-500x333.jpg 500w, https:\/\/held-gartenbau.de\/bonn\/wp-content\/uploads\/2016\/09\/IMG_3259-233x155.jpg 233w, https:\/\/held-gartenbau.de\/bonn\/wp-content\/uploads\/2016\/09\/IMG_3259-705x470.jpg 705w, https:\/\/held-gartenbau.de\/bonn\/wp-content\/uploads\/2016\/09\/IMG_3259-450x300.jpg 450w\" sizes=\"(max-width: 900px) 100vw, 900px\" \/><\/div><\/div><\/div><br \/>\n<section  class='av_textblock_section av-7aqvz-dc4ca72a77f89f284ffb53caa43b366e'  itemscope=\"itemscope\" itemtype=\"https:\/\/schema.org\/CreativeWork\" ><div class='avia_textblock'  itemprop=\"text\" ><p><strong>Held<\/strong><br \/>\n<b>Friedhofsg\u00e4rtnerei &amp; Gartenbau<\/b><br \/>\nMaarstra\u00dfe 65<br \/>\n53227 Bonn<\/p>\n<p>\n<style type=\"text\/css\" data-created_by=\"avia_inline_auto\" id=\"style-css-av-6myen-5affb0075668153ad2c480418e4b1acb\">\n.av_font_icon.av-6myen-5affb0075668153ad2c480418e4b1acb .av-icon-char{\nfont-size:16px;\nline-height:16px;\n}\n<\/style>\n<span  class='av_font_icon av-6myen-5affb0075668153ad2c480418e4b1acb avia_animate_when_visible av-icon-style- avia-icon-pos-left av-no-color avia-icon-animate'><span class='av-icon-char' aria-hidden='true' data-av_icon='\ue854' data-av_iconfont='entypo-fontello' ><\/span><\/span> 0228 \/ 97632569<br \/>\n\n<style type=\"text\/css\" data-created_by=\"avia_inline_auto\" id=\"style-css-av-61wgj-fae163bd68867909cf441f779f0209ef\">\n.av_font_icon.av-61wgj-fae163bd68867909cf441f779f0209ef .av-icon-char{\nfont-size:16px;\nline-height:16px;\n}\n<\/style>\n<span  class='av_font_icon av-61wgj-fae163bd68867909cf441f779f0209ef avia_animate_when_visible av-icon-style- avia-icon-pos-left av-no-color avia-icon-animate'><span class='av-icon-char' aria-hidden='true' data-av_icon='\ue838' data-av_iconfont='entypo-fontello' ><\/span><\/span> 0228 \/ 97632567<br \/>\n\n<style type=\"text\/css\" data-created_by=\"avia_inline_auto\" id=\"style-css-av-5rtcb-910ce808643cd5ea536160ece85e5a15\">\n.av_font_icon.av-5rtcb-910ce808643cd5ea536160ece85e5a15 .av-icon-char{\nfont-size:16px;\nline-height:16px;\n}\n<\/style>\n<span  class='av_font_icon av-5rtcb-910ce808643cd5ea536160ece85e5a15 avia_animate_when_visible av-icon-style- avia-icon-pos-left av-no-color avia-icon-animate'><span class='av-icon-char' aria-hidden='true' data-av_icon='\ue83a' data-av_iconfont='entypo-fontello' ><\/span><\/span> <a href=\"mailto:info@held-gartenbau.de\">info@held-gartenbau.de<\/a><\/p>\n<p><strong>\u00d6ffnungszeiten:<\/strong><br \/>\nMo &#8211; Do: 09:00 &#8211; 16:00 Uhr<br \/>\nFr: 09:00 &#8211; 13:00 Uhr<\/p>\n<\/div><\/section><\/p><\/div>\n<style type=\"text\/css\" data-created_by=\"avia_inline_auto\" id=\"style-css-av-4uh6r-ea627cbfd252fb93ecc7400071c61478\">\n.flex_column.av-4uh6r-ea627cbfd252fb93ecc7400071c61478{\n-webkit-border-radius:0px 0px 0px 0px;\n-moz-border-radius:0px 0px 0px 0px;\nborder-radius:0px 0px 0px 0px;\npadding:0px 0px 0px 0px;\n}\n<\/style>\n<div class='flex_column av-4uh6r-ea627cbfd252fb93ecc7400071c61478 av_one_third  avia-builder-el-8  el_after_av_one_third  el_before_av_one_third  flex_column_div av-zero-column-padding '     ><p>\n<style type=\"text\/css\" data-created_by=\"avia_inline_auto\" id=\"style-css-av-4facn-c36adb74d9fa510aa2cf0df6f16953a2\">\n.avia-image-container.av-4facn-c36adb74d9fa510aa2cf0df6f16953a2 img.avia_image{\nbox-shadow:none;\n}\n.avia-image-container.av-4facn-c36adb74d9fa510aa2cf0df6f16953a2 .av-image-caption-overlay-center{\ncolor:#ffffff;\n}\n<\/style>\n<div  class='avia-image-container av-4facn-c36adb74d9fa510aa2cf0df6f16953a2 av-styling- avia-align-center  avia-builder-el-9  el_before_av_textblock  avia-builder-el-first '   itemprop=\"image\" itemscope=\"itemscope\" itemtype=\"https:\/\/schema.org\/ImageObject\" ><div class=\"avia-image-container-inner\"><div class=\"avia-image-overlay-wrap\"><img decoding=\"async\" class='wp-image-679 avia-img-lazy-loading-not-679 avia_image ' src=\"https:\/\/held-gartenbau.de\/bonn\/wp-content\/uploads\/2016\/03\/IMG_2362-600.jpg\" alt='Au\u00dfenansicht des Standortes in Bad Godesberg' title=''  height=\"400\" width=\"600\"  itemprop=\"thumbnailUrl\" srcset=\"https:\/\/held-gartenbau.de\/bonn\/wp-content\/uploads\/2016\/03\/IMG_2362-600.jpg 600w, https:\/\/held-gartenbau.de\/bonn\/wp-content\/uploads\/2016\/03\/IMG_2362-600-500x333.jpg 500w, https:\/\/held-gartenbau.de\/bonn\/wp-content\/uploads\/2016\/03\/IMG_2362-600-233x155.jpg 233w, https:\/\/held-gartenbau.de\/bonn\/wp-content\/uploads\/2016\/03\/IMG_2362-600-450x300.jpg 450w\" sizes=\"(max-width: 600px) 100vw, 600px\" \/><\/div><\/div><\/div><br \/>\n<section  class='av_textblock_section av-44tnj-674a3619ddba85e3627e946393f18f86'  itemscope=\"itemscope\" itemtype=\"https:\/\/schema.org\/CreativeWork\" ><div class='avia_textblock'  itemprop=\"text\" ><p><strong>Held<\/strong><br \/>\n<strong>Friedhofsg\u00e4rtnerei<\/strong> <b>&amp; <\/b><strong>Blumengesch\u00e4ft<\/strong><br \/>\nGotenstra\u00dfe 130-132<br \/>\n53175 Bonn<\/p>\n<p>\n<style type=\"text\/css\" data-created_by=\"avia_inline_auto\" id=\"style-css-av-31wvr-151b86453d341641f4baa2b30d3d07f6\">\n.av_font_icon.av-31wvr-151b86453d341641f4baa2b30d3d07f6 .av-icon-char{\nfont-size:16px;\nline-height:16px;\n}\n<\/style>\n<span  class='av_font_icon av-31wvr-151b86453d341641f4baa2b30d3d07f6 avia_animate_when_visible av-icon-style- avia-icon-pos-left av-no-color avia-icon-animate'><span class='av-icon-char' aria-hidden='true' data-av_icon='\ue854' data-av_iconfont='entypo-fontello' ><\/span><\/span> 0228 \/ 378563<br \/>\n\n<style type=\"text\/css\" data-created_by=\"avia_inline_auto\" id=\"style-css-av-95hn-e67d3eca528c0083f07f91b3256b5e58\">\n.av_font_icon.av-95hn-e67d3eca528c0083f07f91b3256b5e58 .av-icon-char{\nfont-size:16px;\nline-height:16px;\n}\n<\/style>\n<span  class='av_font_icon av-95hn-e67d3eca528c0083f07f91b3256b5e58 avia_animate_when_visible av-icon-style- avia-icon-pos-left av-no-color avia-icon-animate'><span class='av-icon-char' aria-hidden='true' data-av_icon='\ue838' data-av_iconfont='entypo-fontello' ><\/span><\/span> 0228 \/ 371856<br \/>\n\n<style type=\"text\/css\" data-created_by=\"avia_inline_auto\" id=\"style-css-av-29gt3-b2f03184480b7a2e67db20589c4c480f\">\n.av_font_icon.av-29gt3-b2f03184480b7a2e67db20589c4c480f .av-icon-char{\nfont-size:16px;\nline-height:16px;\n}\n<\/style>\n<span  class='av_font_icon av-29gt3-b2f03184480b7a2e67db20589c4c480f avia_animate_when_visible av-icon-style- avia-icon-pos-left av-no-color avia-icon-animate'><span class='av-icon-char' aria-hidden='true' data-av_icon='\ue83a' data-av_iconfont='entypo-fontello' ><\/span><\/span> <a href=\"mailto:info@held-gartenbau.de\">info@held-gartenbau.de<\/a><\/p>\n<p><strong>\u00d6ffnungszeiten:<\/strong><br \/>\nMo &#8211; Fr: 09:00 &#8211; 18:00 Uhr<br \/>\nSa: 09:00 &#8211; 14:00 Uhr<\/p>\n<\/div><\/section><\/p><\/div>\n<style type=\"text\/css\" data-created_by=\"avia_inline_auto\" id=\"style-css-av-1hipn-74e6c1e5c92e73a8985261735870a13b\">\n.flex_column.av-1hipn-74e6c1e5c92e73a8985261735870a13b{\n-webkit-border-radius:0px 0px 0px 0px;\n-moz-border-radius:0px 0px 0px 0px;\nborder-radius:0px 0px 0px 0px;\npadding:0px 0px 0px 0px;\n}\n<\/style>\n<div class='flex_column av-1hipn-74e6c1e5c92e73a8985261735870a13b av_one_third  avia-builder-el-14  el_after_av_one_third  avia-builder-el-last  flex_column_div av-zero-column-padding '     ><section  class='av_textblock_section av-yx9n-8ff72e3639a51169620897dbfd770440'  itemscope=\"itemscope\" itemtype=\"https:\/\/schema.org\/CreativeWork\" ><div class='avia_textblock'  itemprop=\"text\" ><\/div><\/section><\/div><\/div><\/div><\/div><!-- close content main div --><\/div><\/div><div id='after_section_1'  class='main_color av_default_container_wrap container_wrap sidebar_right'  ><div class='container av-section-cont-open' ><div class='template-page content  av-content-small alpha units'><div class='post-entry post-entry-type-page post-entry-19'><div class='entry-content-wrapper clearfix'>\n","protected":false},"excerpt":{"rendered":"","protected":false},"author":1,"featured_media":0,"parent":0,"menu_order":0,"comment_status":"closed","ping_status":"closed","template":"","meta":{"footnotes":""},"class_list":["post-19","page","type-page","status-publish","hentry"],"_links":{"self":[{"href":"https:\/\/held-gartenbau.de\/bonn\/wp-json\/wp\/v2\/pages\/19","targetHints":{"allow":["GET"]}}],"collection":[{"href":"https:\/\/held-gartenbau.de\/bonn\/wp-json\/wp\/v2\/pages"}],"about":[{"href":"https:\/\/held-gartenbau.de\/bonn\/wp-json\/wp\/v2\/types\/page"}],"author":[{"embeddable":true,"href":"https:\/\/held-gartenbau.de\/bonn\/wp-json\/wp\/v2\/users\/1"}],"replies":[{"embeddable":true,"href":"https:\/\/held-gartenbau.de\/bonn\/wp-json\/wp\/v2\/comments?post=19"}],"version-history":[{"count":50,"href":"https:\/\/held-gartenbau.de\/bonn\/wp-json\/wp\/v2\/pages\/19\/revisions"}],"predecessor-version":[{"id":4256,"href":"https:\/\/held-gartenbau.de\/bonn\/wp-json\/wp\/v2\/pages\/19\/revisions\/4256"}],"wp:attachment":[{"href":"https:\/\/held-gartenbau.de\/bonn\/wp-json\/wp\/v2\/media?parent=19"}],"curies":[{"name":"wp","href":"https:\/\/api.w.org\/{rel}","templated":true}]}}