{"id":10,"date":"2022-04-26T12:20:39","date_gmt":"2022-04-26T10:20:39","guid":{"rendered":"http:\/\/held-gartenbau.de\/home\/?page_id=10"},"modified":"2024-04-05T10:56:10","modified_gmt":"2024-04-05T08:56:10","slug":"startseite","status":"publish","type":"page","link":"https:\/\/held-gartenbau.de\/bonn\/","title":{"rendered":"Startseite"},"content":{"rendered":"<div id='av-masonry-1' class='av-masonry av-a8odu-c9269dc8c70115c8cbcfdeea02a47962 noHover av-fixed-size av-no-gap av-hover-overlay-active av-masonry-animation-active av-masonry-col-3 av-caption-always av-caption-style- av-masonry-gallery '><div class=\"av-masonry-container isotope av-js-disabled\"><div class='av-masonry-entry isotope-item av-masonry-item-no-image '><\/div><a href=\"https:\/\/held-gartenbau.de\/bonn\/blumenfachgeschaeft-2\/\"  aria-label=\"Bild Startseite-Blumenfachgesch\u00e4ft\"  id='av-masonry-1-item-1854' data-av-masonry-item='1854' class='av-masonry-entry isotope-item post-1854 attachment type-attachment status-inherit hentry  av-masonry-item-with-image' title=\"Startseite-Blumenfachgesch\u00e4ft\" alt=\"Blumenstrau\u00df - Link zur Seite Blumenfachgesch\u00e4ft\"  data-av-masonry-custom-link=\"https:\/\/held-gartenbau.de\/bonn\/blumenfachgeschaeft-2\/\"  itemprop=\"thumbnailUrl\" ><div class='av-inner-masonry-sizer'><\/div><figure class='av-inner-masonry main_color'><div class=\"av-masonry-outerimage-container\"><div class='av-masonry-image-container' style=\"background-image: url(https:\/\/held-gartenbau.de\/bonn\/wp-content\/uploads\/2016\/11\/Startseite-Blumenfachgesch\u00e4ft-final-705x470.jpg);\"  title=\"Startseite-Blumenfachgesch\u00e4ft\"   alt=\"Blumenstrau\u00df - Link zur Seite Blumenfachgesch\u00e4ft\" ><\/div><\/div><\/figure><\/a><!--end av-masonry entry--><a href=\"https:\/\/held-gartenbau.de\/bonn\/friedhofsgaertnerei\/\"  aria-label=\"Bild Startseite-Friedhofsg\u00e4rtnerei\"  id='av-masonry-1-item-3284' data-av-masonry-item='3284' class='av-masonry-entry isotope-item post-3284 attachment type-attachment status-inherit hentry  av-masonry-item-with-image' title=\"Startseite-Friedhofsg\u00e4rtnerei\" alt=\"G\u00e4rtner s\u00e4ubern und schneiden die Pflanzen auf einem Grab - Link zur Seite Friedhofsg\u00e4rtnerei\"  data-av-masonry-custom-link=\"https:\/\/held-gartenbau.de\/bonn\/friedhofsgaertnerei\/\"  itemprop=\"thumbnailUrl\" ><div class='av-inner-masonry-sizer'><\/div><figure class='av-inner-masonry main_color'><div class=\"av-masonry-outerimage-container\"><div class='av-masonry-image-container' style=\"background-image: url(https:\/\/held-gartenbau.de\/bonn\/wp-content\/uploads\/2018\/09\/Startseite-Friedhofsg\u00e4rtnerei-final-neu-705x470.jpg);\"  title=\"Startseite-Friedhofsg\u00e4rtnerei\"   alt=\"G\u00e4rtner s\u00e4ubern und schneiden die Pflanzen auf einem Grab - Link zur Seite Friedhofsg\u00e4rtnerei\" ><\/div><\/div><\/figure><\/a><!--end av-masonry entry--><a href=\"https:\/\/held-gartenbau.de\/bonn\/oeffentliche-auftraggeber\/\"  aria-label=\"Bild Startseite-Gartenbau\"  id='av-masonry-1-item-3978' data-av-masonry-item='3978' class='av-masonry-entry isotope-item post-3978 attachment type-attachment status-inherit hentry  av-masonry-item-with-image' title=\"Startseite-Gartenbau\" alt=\"Held Gartenbau Bagger in einem Kunden Garten\"  data-av-masonry-custom-link=\"https:\/\/held-gartenbau.de\/bonn\/oeffentliche-auftraggeber\/\"  itemprop=\"thumbnailUrl\" ><div class='av-inner-masonry-sizer'><\/div><figure class='av-inner-masonry main_color'><div class=\"av-masonry-outerimage-container\"><div class='av-masonry-image-container' style=\"background-image: url(https:\/\/held-gartenbau.de\/bonn\/wp-content\/uploads\/2021\/04\/Startseite-Gartenbau-705x470.jpg);\"  title=\"Startseite-Gartenbau\"   alt=\"Held Gartenbau Bagger in einem Kunden Garten\" ><\/div><\/div><\/figure><\/a><!--end av-masonry entry--><\/div><\/div>\n<div id='av_section_1'  class='avia-section av-a3sja-ec6d512b69d4f6bc09d4698dc567b0df main_color avia-section-default avia-no-border-styling  avia-builder-el-1  el_after_av_masonry_gallery  el_before_av_section  avia-bg-style-scroll container_wrap sidebar_right'  ><div class='container av-section-cont-open' ><div class='template-page content  av-content-small alpha units'><div class='post-entry post-entry-type-page post-entry-10'><div class='entry-content-wrapper clearfix'>\n\n<style type=\"text\/css\" data-created_by=\"avia_inline_auto\" id=\"style-css-av-y9sy-495f5a93f5e8fd4118325c098da968e9\">\n#top .av_textblock_section.av-y9sy-495f5a93f5e8fd4118325c098da968e9 .avia_textblock{\nfont-size:20px;\n}\n<\/style>\n<section  class='av_textblock_section av-y9sy-495f5a93f5e8fd4118325c098da968e9'  itemscope=\"itemscope\" itemtype=\"https:\/\/schema.org\/CreativeWork\" ><div class='avia_textblock'  itemprop=\"text\" ><p><span style=\"color: #808080;\">Wir als Team von Held Gartenbau sind seit 1891 Ihr Ansprechpartner f\u00fcr alle Fragen in den Bereichen Blumenfachgesch\u00e4ft, Friedhofsg\u00e4rtnerei und Gartenbau im Raum Bonn und dem Rhein-Sieg Kreis.<\/span><\/p>\n<div><\/div>\n<\/div><\/section>\n\n<\/div><\/div><\/div><!-- close content main div --><\/div><\/div>\n<style type=\"text\/css\" data-created_by=\"avia_inline_auto\" id=\"style-css-av-8nsry-98c6d42478bbfc49682269a1e020fcc7\">\n.avia-section.av-8nsry-98c6d42478bbfc49682269a1e020fcc7{\nbackground-color:#f2ffd9;\nbackground-image:unset;\n}\n<\/style>\n<div id='av_section_2'  class='avia-section av-8nsry-98c6d42478bbfc49682269a1e020fcc7 main_color avia-section-default avia-no-border-styling  avia-builder-el-3  el_after_av_section  el_before_av_section  avia-bg-style-scroll container_wrap sidebar_right'  ><div class='container av-section-cont-open' ><div class='template-page content  av-content-small alpha units'><div class='post-entry post-entry-type-page post-entry-10'><div class='entry-content-wrapper clearfix'>\n\n<style type=\"text\/css\" data-created_by=\"avia_inline_auto\" id=\"style-css-av-82rai-9bffb19705419953146d22523c4f4548\">\n.flex_column.av-82rai-9bffb19705419953146d22523c4f4548{\n-webkit-border-radius:0px 0px 0px 0px;\n-moz-border-radius:0px 0px 0px 0px;\nborder-radius:0px 0px 0px 0px;\npadding:0px 0px 0px 0px;\n}\n<\/style>\n<div class='flex_column av-82rai-9bffb19705419953146d22523c4f4548 av_one_full  avia-builder-el-4  el_before_av_one_half  avia-builder-el-first  first flex_column_div av-zero-column-padding '     ><style type=\"text\/css\" data-created_by=\"avia_inline_auto\" id=\"style-css-av-7b4rq-9a551ab8dfcdaa4fe505d6ccd3c31fe9\">\n#top .av_textblock_section.av-7b4rq-9a551ab8dfcdaa4fe505d6ccd3c31fe9 .avia_textblock{\nfont-size:30px;\n}\n<\/style>\n<section  class='av_textblock_section av-7b4rq-9a551ab8dfcdaa4fe505d6ccd3c31fe9'  itemscope=\"itemscope\" itemtype=\"https:\/\/schema.org\/CreativeWork\" ><div class='avia_textblock'  itemprop=\"text\" ><h2 style=\"text-align: left;\"><strong><span style=\"color: #808080;\">Aktuelle \u00d6ffnungszeiten<\/span><\/strong><\/h2>\n<\/div><\/section><\/div>\n<style type=\"text\/css\" data-created_by=\"avia_inline_auto\" id=\"style-css-av-6xcuy-0c80d7004be40c4285b658b74dbda1d2\">\n.flex_column.av-6xcuy-0c80d7004be40c4285b658b74dbda1d2{\n-webkit-border-radius:0px 0px 0px 0px;\n-moz-border-radius:0px 0px 0px 0px;\nborder-radius:0px 0px 0px 0px;\npadding:0px 0px 0px 0px;\n}\n<\/style>\n<div class='flex_column av-6xcuy-0c80d7004be40c4285b658b74dbda1d2 av_one_half  avia-builder-el-6  el_after_av_one_full  el_before_av_one_half  first flex_column_div av-zero-column-padding column-top-margin'     ><section  class='av_textblock_section av-6dgt6-f629507242f873d5185bae0816e4173e'  itemscope=\"itemscope\" itemtype=\"https:\/\/schema.org\/CreativeWork\" ><div class='avia_textblock'  itemprop=\"text\" ><p><img loading=\"lazy\" decoding=\"async\" class=\"alignnone size-full wp-image-328\" src=\"https:\/\/held-gartenbau.de\/bonn\/wp-content\/uploads\/2016\/07\/Held-Logo-mit-Blume-mB-72.png\" alt=\"Held Logo mit Blume mB 72\" width=\"210\" height=\"105\" \/><\/p>\n<p><strong><span style=\"color: #808080;\">Friedhofsg\u00e4rtnerei &#038; Blumenfachgesch\u00e4ft <\/span><\/strong><br \/>\n<span style=\"color: #808080;\"> Gotenstra\u00dfe 130-132<\/span><br \/>\n<span style=\"color: #808080;\"> 53175 Bonn<\/span><\/p>\n<p>\u00d6ffnungszeiten:<\/p>\n<p><span style=\"color: #808080;\"> Mo &#8211; Fr: 09:00 &#8211; 18:00 Uhr<\/span><br \/>\n<span style=\"color: #808080;\"> Sa: 09:00 &#8211; 14:00 Uhr<\/span><\/p>\n<p><span style=\"color: #808080;\">Parkm\u00f6glichkeiten finden Sie bei uns im Hof.<\/span><\/p>\n<\/div><\/section><\/div>\n<style type=\"text\/css\" data-created_by=\"avia_inline_auto\" id=\"style-css-av-5ik02-3f83a50a26c24d81d58ee158be3836a5\">\n.flex_column.av-5ik02-3f83a50a26c24d81d58ee158be3836a5{\n-webkit-border-radius:0px 0px 0px 0px;\n-moz-border-radius:0px 0px 0px 0px;\nborder-radius:0px 0px 0px 0px;\npadding:0px 0px 0px 0px;\n}\n<\/style>\n<div class='flex_column av-5ik02-3f83a50a26c24d81d58ee158be3836a5 av_one_half  avia-builder-el-8  el_after_av_one_half  avia-builder-el-last  flex_column_div av-zero-column-padding column-top-margin'     ><section  class='av_textblock_section av-hm1a-c32a87ca4af14782f9cd3498d088837f'  itemscope=\"itemscope\" itemtype=\"https:\/\/schema.org\/CreativeWork\" ><div class='avia_textblock'  itemprop=\"text\" ><p><img loading=\"lazy\" decoding=\"async\" class=\"alignnone size-full wp-image-328\" src=\"https:\/\/held-gartenbau.de\/bonn\/wp-content\/uploads\/2016\/07\/Held-Logo-mit-Blume-mB-72.png\" alt=\"Held Logo mit Blume mB 72\" width=\"210\" height=\"105\" \/><\/p>\n<p><strong><span style=\"color: #808080;\">Friedhofsg\u00e4rtnerei &#038; Gartenbau<\/span><\/strong><br \/>\n<span style=\"color: #808080;\">Maarstra\u00dfe 65<\/span><br \/>\n<span style=\"color: #808080;\">53227 Bonn<\/span><\/p>\n<p style=\"text-align: left;\">\u00d6ffnungszeiten:<\/p>\n<p style=\"text-align: left;\"><span style=\"color: #808080;\"> Mo &#8211; Do: 09:00 &#8211; 16:00 Uhr<\/span><br \/>\n<span style=\"color: #808080;\"> Fr: 09:00 &#8211; 13:00 Uhr<\/span><\/p>\n<\/div><\/section><\/div>\n\n<\/div><\/div><\/div><!-- close content main div --><\/div><\/div>\n<style type=\"text\/css\" data-created_by=\"avia_inline_auto\" id=\"style-css-av-4a8ee-5e5914ded16b3a90b7c8a9555c4a6ae1\">\n.avia-section.av-4a8ee-5e5914ded16b3a90b7c8a9555c4a6ae1{\nbackground-color:#adadad;\nbackground-image:unset;\n}\n<\/style>\n<div id='av_section_3'  class='avia-section av-4a8ee-5e5914ded16b3a90b7c8a9555c4a6ae1 main_color avia-section-default avia-no-border-styling  avia-builder-el-10  el_after_av_section  avia-builder-el-last  avia-bg-style-scroll container_wrap sidebar_right'  ><div class='container av-section-cont-open' ><div class='template-page content  av-content-small alpha units'><div class='post-entry post-entry-type-page post-entry-10'><div class='entry-content-wrapper clearfix'>\n\n<style type=\"text\/css\" data-created_by=\"avia_inline_auto\" id=\"style-css-av-3vd7q-ef86672d52fcf348a8cc4aebd9c6f976\">\n.flex_column.av-3vd7q-ef86672d52fcf348a8cc4aebd9c6f976{\n-webkit-border-radius:0px 0px 0px 0px;\n-moz-border-radius:0px 0px 0px 0px;\nborder-radius:0px 0px 0px 0px;\npadding:0px 0px 0px 0px;\n}\n<\/style>\n<div class='flex_column av-3vd7q-ef86672d52fcf348a8cc4aebd9c6f976 av_one_half  avia-builder-el-11  el_before_av_one_half  avia-builder-el-first  first flex_column_div av-zero-column-padding '     ><style type=\"text\/css\" data-created_by=\"avia_inline_auto\" id=\"style-css-av-b0dq-dd11dc01f7cb1b118b55a0b9cc9b7e0d\">\n#top .av_textblock_section.av-b0dq-dd11dc01f7cb1b118b55a0b9cc9b7e0d .avia_textblock{\nfont-size:24px;\n}\n<\/style>\n<section  class='av_textblock_section av-b0dq-dd11dc01f7cb1b118b55a0b9cc9b7e0d'  itemscope=\"itemscope\" itemtype=\"https:\/\/schema.org\/CreativeWork\" ><div class='avia_textblock'  itemprop=\"text\" ><p style=\"text-align: left;\"><span style=\"color: #ffffff;\">\n<style type=\"text\/css\" data-created_by=\"avia_inline_auto\" id=\"style-css-av-2x1c2-6908350b45993ec4197fdc9f5b5d2d55\">\n.av_font_icon.av-2x1c2-6908350b45993ec4197fdc9f5b5d2d55 .av-icon-char{\nfont-size:60px;\nline-height:60px;\n}\n<\/style>\n<span  class='av_font_icon av-2x1c2-6908350b45993ec4197fdc9f5b5d2d55 avia_animate_when_visible av-icon-style- avia-icon-pos-left av-no-color avia-icon-animate'><span class='av-icon-char' aria-hidden='true' data-av_icon='\ue8b8' data-av_iconfont='entypo-fontello' ><\/span><\/span> F\u00fcr unsere Kunden setzen wir alle Hebel in Bewegung und widmen uns ihren Bed\u00fcrfnissen mit viel Leidenschaft und Fachkompetenz.\u00a0<\/span><\/p>\n<\/div><\/section><\/div>\n<style type=\"text\/css\" data-created_by=\"avia_inline_auto\" id=\"style-css-av-24nvu-8c151a63e8a391e51762788b05f91604\">\n.flex_column.av-24nvu-8c151a63e8a391e51762788b05f91604{\n-webkit-border-radius:0px 0px 0px 0px;\n-moz-border-radius:0px 0px 0px 0px;\nborder-radius:0px 0px 0px 0px;\npadding:0px 0px 0px 0px;\n}\n<\/style>\n<div class='flex_column av-24nvu-8c151a63e8a391e51762788b05f91604 av_one_half  avia-builder-el-14  el_after_av_one_half  avia-builder-el-last  flex_column_div av-zero-column-padding '     ><style type=\"text\/css\" data-created_by=\"avia_inline_auto\" id=\"style-css-av-1gz3u-a4e76aaaeb1691bfca959e1d297e7793\">\n#top .av_textblock_section.av-1gz3u-a4e76aaaeb1691bfca959e1d297e7793 .avia_textblock{\nfont-size:24px;\n}\n<\/style>\n<section  class='av_textblock_section av-1gz3u-a4e76aaaeb1691bfca959e1d297e7793'  itemscope=\"itemscope\" itemtype=\"https:\/\/schema.org\/CreativeWork\" ><div class='avia_textblock'  itemprop=\"text\" ><p><span style=\"color: #ffffff;\">\n<style type=\"text\/css\" data-created_by=\"avia_inline_auto\" id=\"style-css-av-ru8u-fb9b90568000d345d3e47c4e2ae852bb\">\n.av_font_icon.av-ru8u-fb9b90568000d345d3e47c4e2ae852bb .av-icon-char{\nfont-size:40px;\nline-height:40px;\n}\n<\/style>\n<span  class='av_font_icon av-ru8u-fb9b90568000d345d3e47c4e2ae852bb avia_animate_when_visible av-icon-style- avia-icon-pos-left av-no-color avia-icon-animate'><span class='av-icon-char' aria-hidden='true' data-av_icon='\ue854' data-av_iconfont='entypo-fontello' ><\/span><\/span> Gerne nehmen wir pers\u00f6nlich Kontakt mit Ihnen auf! Nutzen Sie dazu unsere Kontaktseite oder rufen Sie uns unter der Telefonnummer 0228-97632569 an.<\/span><\/p>\n<\/div><\/section><\/div><\/div><\/div><\/div><!-- close content main div --><\/div><\/div><div id='after_section_3'  class='main_color av_default_container_wrap container_wrap sidebar_right'  ><div class='container av-section-cont-open' ><div class='template-page content  av-content-small alpha units'><div class='post-entry post-entry-type-page post-entry-10'><div class='entry-content-wrapper clearfix'>\n","protected":false},"excerpt":{"rendered":"","protected":false},"author":1,"featured_media":0,"parent":0,"menu_order":0,"comment_status":"closed","ping_status":"closed","template":"","meta":{"footnotes":""},"class_list":["post-10","page","type-page","status-publish","hentry"],"_links":{"self":[{"href":"https:\/\/held-gartenbau.de\/bonn\/wp-json\/wp\/v2\/pages\/10","targetHints":{"allow":["GET"]}}],"collection":[{"href":"https:\/\/held-gartenbau.de\/bonn\/wp-json\/wp\/v2\/pages"}],"about":[{"href":"https:\/\/held-gartenbau.de\/bonn\/wp-json\/wp\/v2\/types\/page"}],"author":[{"embeddable":true,"href":"https:\/\/held-gartenbau.de\/bonn\/wp-json\/wp\/v2\/users\/1"}],"replies":[{"embeddable":true,"href":"https:\/\/held-gartenbau.de\/bonn\/wp-json\/wp\/v2\/comments?post=10"}],"version-history":[{"count":572,"href":"https:\/\/held-gartenbau.de\/bonn\/wp-json\/wp\/v2\/pages\/10\/revisions"}],"predecessor-version":[{"id":4167,"href":"https:\/\/held-gartenbau.de\/bonn\/wp-json\/wp\/v2\/pages\/10\/revisions\/4167"}],"wp:attachment":[{"href":"https:\/\/held-gartenbau.de\/bonn\/wp-json\/wp\/v2\/media?parent=10"}],"curies":[{"name":"wp","href":"https:\/\/api.w.org\/{rel}","templated":true}]}}